{"id":1807,"date":"2022-02-07T04:34:06","date_gmt":"2022-02-07T04:34:06","guid":{"rendered":"https:\/\/www.goodville.de\/avtryck\/"},"modified":"2024-09-06T13:36:54","modified_gmt":"2024-09-06T13:36:54","slug":"avtryck","status":"publish","type":"page","link":"https:\/\/www.goodville.de\/sv\/avtryck\/","title":{"rendered":"Avtryck"},"content":{"rendered":"<p>[et_pb_section fb_built=&#8221;1&#8243; admin_label=&#8221;About&#8221; _builder_version=&#8221;4.16&#8243; background_color=&#8221;#FFFFFF&#8221; background_enable_image=&#8221;off&#8221; background_size=&#8221;initial&#8221; background_position=&#8221;bottom_center&#8221; custom_margin=&#8221;0px||||false|false&#8221; custom_padding=&#8221;0px|0px|0px|0px|false|false&#8221; global_colors_info=&#8221;{}&#8221;][et_pb_row _builder_version=&#8221;4.16&#8243; _module_preset=&#8221;default&#8221; custom_padding=&#8221;10px||||false|false&#8221; global_colors_info=&#8221;{}&#8221;][et_pb_column type=&#8221;4_4&#8243; _builder_version=&#8221;4.16&#8243; _module_preset=&#8221;default&#8221; global_colors_info=&#8221;{}&#8221;][et_pb_text _builder_version=&#8221;4.16&#8243; _module_preset=&#8221;default&#8221; text_text_color=&#8221;gcid-89cbc0f9-1be9-4be6-901a-5528210571bc&#8221; text_font_size=&#8221;14px&#8221; locked=&#8221;off&#8221; global_colors_info=&#8221;{%22gcid-c4b9ef4c-e2b6-4a7c-9f6b-a3472092e5f3%22:%91%22header_3_text_color%22,%22header_3_text_color%22%93,%22gcid-935bb3bf-f939-490c-aa27-70c9a2e0dffc%22:%91%22header_text_color%22,%22header_2_text_color%22,%22header_text_color%22,%22header_2_text_color%22%93,%22gcid-89cbc0f9-1be9-4be6-901a-5528210571bc%22:%91%22text_text_color%22%93}&#8221;]<\/p>\n<span><span><a href=\"https:\/\/www.goodville.de\/sv\/\">Home<\/a><\/span><\/span>\n<p>[\/et_pb_text][\/et_pb_column][\/et_pb_row][et_pb_row _builder_version=&#8221;4.16&#8243; custom_margin=&#8221;||0px||false|false&#8221; custom_padding=&#8221;||0px||false|false&#8221; global_colors_info=&#8221;{}&#8221;][et_pb_column type=&#8221;4_4&#8243; _builder_version=&#8221;4.16&#8243; custom_padding=&#8221;|||&#8221; global_colors_info=&#8221;{}&#8221; custom_padding__hover=&#8221;|||&#8221;][et_pb_text _builder_version=&#8221;4.22.1&#8243; _module_preset=&#8221;default&#8221; text_font=&#8221;Grold Medium|500||on|||||&#8221; text_text_color=&#8221;gcid-935bb3bf-f939-490c-aa27-70c9a2e0dffc&#8221; text_font_size=&#8221;104px&#8221; text_letter_spacing=&#8221;1px&#8221; text_line_height=&#8221;0.9em&#8221; text_font_size_tablet=&#8221;90px&#8221; text_font_size_phone=&#8221;70px&#8221; global_colors_info=&#8221;{%22gcid-c4b9ef4c-e2b6-4a7c-9f6b-a3472092e5f3%22:%91%22header_3_text_color%22,%22header_3_text_color%22%93,%22gcid-935bb3bf-f939-490c-aa27-70c9a2e0dffc%22:%91%22header_text_color%22,%22header_text_color%22,%22text_text_color%22%93}&#8221;]<\/p>\n<h1>Avtryck<\/h1>\n<p>[\/et_pb_text][et_pb_divider color=&#8221;gcid-89cbc0f9-1be9-4be6-901a-5528210571bc&#8221; divider_weight=&#8221;4px&#8221; _builder_version=&#8221;4.14.7&#8243; max_width=&#8221;160px&#8221; height=&#8221;4px&#8221; custom_margin=&#8221;15px||60px||false|false&#8221; global_module=&#8221;490&#8243; global_colors_info=&#8221;{%22gcid-89cbc0f9-1be9-4be6-901a-5528210571bc%22:%91%22color%22%93}&#8221;][\/et_pb_divider][\/et_pb_column][\/et_pb_row][\/et_pb_section][et_pb_section fb_built=&#8221;1&#8243; _builder_version=&#8221;4.16&#8243; _module_preset=&#8221;default&#8221; custom_margin=&#8221;0px||||false|false&#8221; custom_padding=&#8221;0px||||false|false&#8221; global_colors_info=&#8221;{}&#8221;][et_pb_row column_structure=&#8221;1_2,1_2&#8243; use_custom_gutter=&#8221;on&#8221; gutter_width=&#8221;2&#8243; _builder_version=&#8221;4.16&#8243; _module_preset=&#8221;default&#8221; custom_margin=&#8221;||0px||false|false&#8221; custom_padding=&#8221;||0px||false|false&#8221; global_colors_info=&#8221;{}&#8221;][et_pb_column type=&#8221;1_2&#8243; _builder_version=&#8221;4.16&#8243; _module_preset=&#8221;default&#8221; global_colors_info=&#8221;{}&#8221;][et_pb_text _builder_version=&#8221;4.22.2&#8243; _module_preset=&#8221;default&#8221; header_2_text_align=&#8221;left&#8221; header_3_font=&#8221;Grold medium|500||on|||||&#8221; header_3_text_color=&#8221;gcid-935bb3bf-f939-490c-aa27-70c9a2e0dffc&#8221; header_3_letter_spacing=&#8221;0.1px&#8221; custom_margin=&#8221;||0px||false|false&#8221; custom_padding=&#8221;||1px||false|false&#8221; hover_enabled=&#8221;0&#8243; global_colors_info=&#8221;{%22gcid-561bf206-a112-4f87-bfd5-847d7049a8a0%22:%91%22text_text_color%22%93,%22gcid-935bb3bf-f939-490c-aa27-70c9a2e0dffc%22:%91%22header_text_color%22,%22header_2_text_color%22,%22header_3_text_color%22%93}&#8221; sticky_enabled=&#8221;0&#8243;]<\/p>\n<p>Information enligt \u00a7 5 TMG<\/p>\n<h3>Kontakta oss<\/h3>\n<p>Goodville<br \/>Christoph M\u00fchlhans<br \/>Agathe-Lasch-Weg 6<br \/>DE-22605 Hamburg<\/p>\n<p>Telefon: +49 40 8811100<br \/>Fax: +49 40 8811275<br \/>E-Mail: cmuehlhans@goodville.de<\/p>\n<p>Vi \u00e4r inte villiga eller skyldiga att delta i tvistl\u00f6sningsf\u00f6rfaranden inf\u00f6r en skiljen\u00e4mnd f\u00f6r konsumente<\/p>\n<h3>Ansvar f\u00f6r inneh\u00e5ll<\/h3>\n<p>Som tj\u00e4nsteleverant\u00f6r \u00e4r vi ansvariga f\u00f6r v\u00e5rt eget inneh\u00e5ll p\u00e5 dessa sidor i enlighet med \u00a7 7 (1) TMG (tyska telemedielagen) och allm\u00e4n lagstiftning. Enligt \u00a7\u00a7 8 till 10 TMG \u00e4r vi som tj\u00e4nsteleverant\u00f6r dock inte skyldiga att \u00f6vervaka \u00f6verf\u00f6rd eller lagrad information fr\u00e5n tredje part eller att unders\u00f6ka omst\u00e4ndigheter som tyder p\u00e5 olaglig verksamhet.  <\/p>\n<p>Skyldigheter att ta bort eller blockera anv\u00e4ndningen av information i enlighet med allm\u00e4n lagstiftning p\u00e5verkas inte av detta. Ansvar i detta avseende \u00e4r dock endast m\u00f6jligt fr\u00e5n och med den tidpunkt d\u00e5 vi blir medvetna om en specifik \u00f6vertr\u00e4delse. Om vi f\u00e5r k\u00e4nnedom om s\u00e5dana lag\u00f6vertr\u00e4delser kommer vi omedelbart att ta bort inneh\u00e5llet.  <\/p>\n<h3>Ansvar f\u00f6r l\u00e4nkar<\/h3>\n<p>V\u00e5r webbplats inneh\u00e5ller l\u00e4nkar till externa webbplatser fr\u00e5n tredje part vars inneh\u00e5ll vi inte har n\u00e5got inflytande \u00f6ver. D\u00e4rf\u00f6r kan vi inte ta n\u00e5got ansvar f\u00f6r detta inneh\u00e5ll fr\u00e5n tredje part. Respektive leverant\u00f6r eller operat\u00f6r av sidorna \u00e4r alltid ansvarig f\u00f6r inneh\u00e5llet p\u00e5 de l\u00e4nkade sidorna. De l\u00e4nkade sidorna har vid tidpunkten f\u00f6r l\u00e4nkningen kontrollerats med avseende p\u00e5 eventuella lag\u00f6vertr\u00e4delser. Olagligt inneh\u00e5ll kunde inte identifieras vid tidpunkten f\u00f6r l\u00e4nkningen.    <\/p>\n<p>En permanent \u00f6vervakning av inneh\u00e5llet p\u00e5 de l\u00e4nkade sidorna \u00e4r dock inte rimlig utan konkreta bevis p\u00e5 en \u00f6vertr\u00e4delse. Om vi f\u00e5r k\u00e4nnedom om lag\u00f6vertr\u00e4delser kommer vi omedelbart att ta bort s\u00e5dana l\u00e4nkar. <\/p>\n<h3>Upphovsr\u00e4tt<\/h3>\n<p>Inneh\u00e5llet och de verk som skapats av webbplatsoperat\u00f6rerna p\u00e5 dessa sidor omfattas av tysk upphovsr\u00e4ttslagstiftning. Kopiering, bearbetning, distribution och all annan anv\u00e4ndning utanf\u00f6r upphovsr\u00e4ttslagens gr\u00e4nser kr\u00e4ver skriftligt medgivande fr\u00e5n respektive f\u00f6rfattare eller upphovsman. Nedladdningar och kopior av denna webbplats \u00e4r endast till\u00e5tna f\u00f6r privat, icke-kommersiellt bruk.  <\/p>\n<p>I den m\u00e5n inneh\u00e5llet p\u00e5 denna webbplats inte har skapats av operat\u00f6ren respekteras tredje parts upphovsr\u00e4tt. I synnerhet inneh\u00e5ll fr\u00e5n tredje part \u00e4r m\u00e4rkt som s\u00e5dant. Om du \u00e4nd\u00e5 skulle f\u00e5 k\u00e4nnedom om ett upphovsr\u00e4ttsintr\u00e5ng, ber vi dig att informera oss om detta. Om vi f\u00e5r k\u00e4nnedom om n\u00e5got intr\u00e5ng kommer vi omedelbart att ta bort inneh\u00e5llet.   <\/p>\n<p>K\u00e4lla: https:\/\/www.e-recht24.de\/impressum-generator.html<\/p>\n<p>[\/et_pb_text][\/et_pb_column][et_pb_column type=&#8221;1_2&#8243; _builder_version=&#8221;4.16&#8243; _module_preset=&#8221;default&#8221; global_colors_info=&#8221;{}&#8221;][et_pb_text _builder_version=&#8221;4.22.2&#8243; _module_preset=&#8221;default&#8221; header_2_text_align=&#8221;left&#8221; header_3_font=&#8221;Grold medium|500||on|||||&#8221; header_3_text_color=&#8221;gcid-935bb3bf-f939-490c-aa27-70c9a2e0dffc&#8221; header_3_letter_spacing=&#8221;0.1px&#8221; custom_margin=&#8221;||0px||false|false&#8221; custom_padding=&#8221;||1px||false|false&#8221; hover_enabled=&#8221;0&#8243; global_colors_info=&#8221;{%22gcid-561bf206-a112-4f87-bfd5-847d7049a8a0%22:%91%22text_text_color%22%93,%22gcid-935bb3bf-f939-490c-aa27-70c9a2e0dffc%22:%91%22header_text_color%22,%22header_2_text_color%22,%22header_3_text_color%22%93}&#8221; sticky_enabled=&#8221;0&#8243;]<\/p>\n<h3>Bildr\u00e4ttigheter<\/h3>\n<p><strong>Renderingar av produkter<\/strong><br \/>\u00a9 Christoph M\u00fchlhans &#8211; Goodville<\/p>\n<p><strong>Home<\/strong><br \/>\u00a9 &#8221;Hamburg 2045&#8221; by Reinventing Society \/ Wire Collective, CC BY NC SA<br \/>\u00a9 Alexis Brown, #Xv7k95vOFA &#8211; unsplash.com<br \/>\u00a9 MikeMareen, #234586832 &#8211; depositphotos.com<\/p>\n<p><strong>OmniBus<\/strong><br \/>\u00a9 MikeMareen, #234586832 &#8211; depositphotos.com<br \/>\u00a9 chesky_w, #220729556 &#8211; depositphotos.com<br \/>\u00a9 tele52, #240782254 &#8211; depositphotos.com<br \/>\u00a9 nd3000, #272267840 &#8211; depositphotos.com<\/p>\n<p><strong>Klimatr\u00e4ttvisa<\/strong><br \/>\u00a9 Mika Baumeister, #g4ELq-X8PRg &#8211; unsplash.com<br \/>\u00a9 Tim Douglas, #6205486 \u2013 pexels.com<br \/>\u00a9 monticello, #151866314 &#8211; depositphotos.com<\/p>\n<p><strong>Goodville<\/strong><br \/>\u00a9 &#8221;Hamburg 2045&#8221; by Reinventing Society \/ Wire Collective, CC BY NC SA<br \/>\u00a9 aa-w, #131014998 &#8211; depositphotos.com<br \/>\u00a9 CreativeNature, #421362810 &#8211; depositphotos.com<br \/>\u00a9 amoklv, #114978708 &#8211; depositphotos.com<br \/>\u00a9 4pmphoto@gmail.com, #173892330 &#8211; depositphotos.com<\/p>\n<p>[\/et_pb_text][\/et_pb_column][\/et_pb_row][\/et_pb_section]<\/p>\n","protected":false},"excerpt":{"rendered":"<p><span><span><a href=\"https:\/\/www.goodville.de\/sv\/\">Home<\/a><\/span><\/span>AvtryckInformation enligt \u00a7 5 TMG Kontakta oss GoodvilleChristoph M\u00fchlhansAgathe-Lasch-Weg 6DE-22605 Hamburg Telefon: +49 40 8811100Fax: +49 40 8811275E-Mail: cmuehlhans@goodville.de Vi \u00e4r inte villiga eller skyldiga att delta i tvistl\u00f6sningsf\u00f6rfaranden inf\u00f6r en skiljen\u00e4mnd f\u00f6r konsumente Ansvar f\u00f6r inneh\u00e5ll Som tj\u00e4nsteleverant\u00f6r \u00e4r vi ansvariga f\u00f6r v\u00e5rt eget inneh\u00e5ll p\u00e5 dessa sidor i enlighet med \u00a7 7 (1) [&hellip;]<\/p>\n","protected":false},"author":1,"featured_media":0,"parent":0,"menu_order":0,"comment_status":"closed","ping_status":"closed","template":"","meta":{"_et_pb_use_builder":"on","_et_pb_old_content":"","_et_gb_content_width":"","footnotes":""},"class_list":["post-1807","page","type-page","status-publish","hentry"],"yoast_head":"<!-- This site is optimized with the Yoast SEO plugin v27.5 - https:\/\/yoast.com\/product\/yoast-seo-wordpress\/ -->\n<title>Avtryck - Die KI-gest\u00fctzete Revolution in der Geb\u00e4udeautomatisierung made in Hamburg<\/title>\n<meta name=\"robots\" content=\"index, follow, max-snippet:-1, max-image-preview:large, max-video-preview:-1\" \/>\n<link rel=\"canonical\" href=\"https:\/\/www.goodville.de\/sv\/avtryck\/\" \/>\n<meta property=\"og:locale\" content=\"sv_SE\" \/>\n<meta property=\"og:type\" content=\"article\" \/>\n<meta property=\"og:title\" content=\"Avtryck - Die KI-gest\u00fctzete Revolution in der Geb\u00e4udeautomatisierung made in Hamburg\" \/>\n<meta property=\"og:description\" content=\"AvtryckInformation enligt \u00a7 5 TMG Kontakta oss GoodvilleChristoph M\u00fchlhansAgathe-Lasch-Weg 6DE-22605 Hamburg Telefon: +49 40 8811100Fax: +49 40 8811275E-Mail: cmuehlhans@goodville.de Vi \u00e4r inte villiga eller skyldiga att delta i tvistl\u00f6sningsf\u00f6rfaranden inf\u00f6r en skiljen\u00e4mnd f\u00f6r konsumente Ansvar f\u00f6r inneh\u00e5ll Som tj\u00e4nsteleverant\u00f6r \u00e4r vi ansvariga f\u00f6r v\u00e5rt eget inneh\u00e5ll p\u00e5 dessa sidor i enlighet med \u00a7 7 (1) [&hellip;]\" \/>\n<meta property=\"og:url\" content=\"https:\/\/www.goodville.de\/sv\/avtryck\/\" \/>\n<meta property=\"og:site_name\" content=\"Die KI-gest\u00fctzete Revolution in der Geb\u00e4udeautomatisierung made in Hamburg\" \/>\n<meta property=\"article:modified_time\" content=\"2024-09-06T13:36:54+00:00\" \/>\n<meta name=\"twitter:card\" content=\"summary_large_image\" \/>\n<meta name=\"twitter:label1\" content=\"Ber\u00e4knad l\u00e4stid\" \/>\n\t<meta name=\"twitter:data1\" content=\"6 minuter\" \/>\n<script type=\"application\/ld+json\" class=\"yoast-schema-graph\">{\"@context\":\"https:\\\/\\\/schema.org\",\"@graph\":[{\"@type\":\"WebPage\",\"@id\":\"https:\\\/\\\/www.goodville.de\\\/sv\\\/avtryck\\\/\",\"url\":\"https:\\\/\\\/www.goodville.de\\\/sv\\\/avtryck\\\/\",\"name\":\"Avtryck - Die KI-gest\u00fctzete Revolution in der Geb\u00e4udeautomatisierung made in Hamburg\",\"isPartOf\":{\"@id\":\"https:\\\/\\\/www.goodville.de\\\/sv\\\/#website\"},\"datePublished\":\"2022-02-07T04:34:06+00:00\",\"dateModified\":\"2024-09-06T13:36:54+00:00\",\"breadcrumb\":{\"@id\":\"https:\\\/\\\/www.goodville.de\\\/sv\\\/avtryck\\\/#breadcrumb\"},\"inLanguage\":\"sv-SE\",\"potentialAction\":[{\"@type\":\"ReadAction\",\"target\":[\"https:\\\/\\\/www.goodville.de\\\/sv\\\/avtryck\\\/\"]}]},{\"@type\":\"BreadcrumbList\",\"@id\":\"https:\\\/\\\/www.goodville.de\\\/sv\\\/avtryck\\\/#breadcrumb\",\"itemListElement\":[{\"@type\":\"ListItem\",\"position\":1,\"name\":\"Home\",\"item\":\"https:\\\/\\\/www.goodville.de\\\/sv\\\/\"},{\"@type\":\"ListItem\",\"position\":2,\"name\":\"Avtryck\"}]},{\"@type\":\"WebSite\",\"@id\":\"https:\\\/\\\/www.goodville.de\\\/sv\\\/#website\",\"url\":\"https:\\\/\\\/www.goodville.de\\\/sv\\\/\",\"name\":\"Die KI-gest\u00fctzete Revolution in der Geb\u00e4udeautomatisierung made in Hamburg\",\"description\":\"Goodville pr\u00e4sentiert mit dem patentierten OmniBus-System die Zukunft einer nachhaltigen, KI-gest\u00fctzen Geb\u00e4udeautomatisierung\",\"potentialAction\":[{\"@type\":\"SearchAction\",\"target\":{\"@type\":\"EntryPoint\",\"urlTemplate\":\"https:\\\/\\\/www.goodville.de\\\/sv\\\/?s={search_term_string}\"},\"query-input\":{\"@type\":\"PropertyValueSpecification\",\"valueRequired\":true,\"valueName\":\"search_term_string\"}}],\"inLanguage\":\"sv-SE\"}]}<\/script>\n<!-- \/ Yoast SEO plugin. -->","yoast_head_json":{"title":"Avtryck - Die KI-gest\u00fctzete Revolution in der Geb\u00e4udeautomatisierung made in Hamburg","robots":{"index":"index","follow":"follow","max-snippet":"max-snippet:-1","max-image-preview":"max-image-preview:large","max-video-preview":"max-video-preview:-1"},"canonical":"https:\/\/www.goodville.de\/sv\/avtryck\/","og_locale":"sv_SE","og_type":"article","og_title":"Avtryck - Die KI-gest\u00fctzete Revolution in der Geb\u00e4udeautomatisierung made in Hamburg","og_description":"AvtryckInformation enligt \u00a7 5 TMG Kontakta oss GoodvilleChristoph M\u00fchlhansAgathe-Lasch-Weg 6DE-22605 Hamburg Telefon: +49 40 8811100Fax: +49 40 8811275E-Mail: cmuehlhans@goodville.de Vi \u00e4r inte villiga eller skyldiga att delta i tvistl\u00f6sningsf\u00f6rfaranden inf\u00f6r en skiljen\u00e4mnd f\u00f6r konsumente Ansvar f\u00f6r inneh\u00e5ll Som tj\u00e4nsteleverant\u00f6r \u00e4r vi ansvariga f\u00f6r v\u00e5rt eget inneh\u00e5ll p\u00e5 dessa sidor i enlighet med \u00a7 7 (1) [&hellip;]","og_url":"https:\/\/www.goodville.de\/sv\/avtryck\/","og_site_name":"Die KI-gest\u00fctzete Revolution in der Geb\u00e4udeautomatisierung made in Hamburg","article_modified_time":"2024-09-06T13:36:54+00:00","twitter_card":"summary_large_image","twitter_misc":{"Ber\u00e4knad l\u00e4stid":"6 minuter"},"schema":{"@context":"https:\/\/schema.org","@graph":[{"@type":"WebPage","@id":"https:\/\/www.goodville.de\/sv\/avtryck\/","url":"https:\/\/www.goodville.de\/sv\/avtryck\/","name":"Avtryck - Die KI-gest\u00fctzete Revolution in der Geb\u00e4udeautomatisierung made in Hamburg","isPartOf":{"@id":"https:\/\/www.goodville.de\/sv\/#website"},"datePublished":"2022-02-07T04:34:06+00:00","dateModified":"2024-09-06T13:36:54+00:00","breadcrumb":{"@id":"https:\/\/www.goodville.de\/sv\/avtryck\/#breadcrumb"},"inLanguage":"sv-SE","potentialAction":[{"@type":"ReadAction","target":["https:\/\/www.goodville.de\/sv\/avtryck\/"]}]},{"@type":"BreadcrumbList","@id":"https:\/\/www.goodville.de\/sv\/avtryck\/#breadcrumb","itemListElement":[{"@type":"ListItem","position":1,"name":"Home","item":"https:\/\/www.goodville.de\/sv\/"},{"@type":"ListItem","position":2,"name":"Avtryck"}]},{"@type":"WebSite","@id":"https:\/\/www.goodville.de\/sv\/#website","url":"https:\/\/www.goodville.de\/sv\/","name":"Die KI-gest\u00fctzete Revolution in der Geb\u00e4udeautomatisierung made in Hamburg","description":"Goodville pr\u00e4sentiert mit dem patentierten OmniBus-System die Zukunft einer nachhaltigen, KI-gest\u00fctzen Geb\u00e4udeautomatisierung","potentialAction":[{"@type":"SearchAction","target":{"@type":"EntryPoint","urlTemplate":"https:\/\/www.goodville.de\/sv\/?s={search_term_string}"},"query-input":{"@type":"PropertyValueSpecification","valueRequired":true,"valueName":"search_term_string"}}],"inLanguage":"sv-SE"}]}},"_links":{"self":[{"href":"https:\/\/www.goodville.de\/sv\/wp-json\/wp\/v2\/pages\/1807","targetHints":{"allow":["GET"]}}],"collection":[{"href":"https:\/\/www.goodville.de\/sv\/wp-json\/wp\/v2\/pages"}],"about":[{"href":"https:\/\/www.goodville.de\/sv\/wp-json\/wp\/v2\/types\/page"}],"author":[{"embeddable":true,"href":"https:\/\/www.goodville.de\/sv\/wp-json\/wp\/v2\/users\/1"}],"replies":[{"embeddable":true,"href":"https:\/\/www.goodville.de\/sv\/wp-json\/wp\/v2\/comments?post=1807"}],"version-history":[{"count":2,"href":"https:\/\/www.goodville.de\/sv\/wp-json\/wp\/v2\/pages\/1807\/revisions"}],"predecessor-version":[{"id":1809,"href":"https:\/\/www.goodville.de\/sv\/wp-json\/wp\/v2\/pages\/1807\/revisions\/1809"}],"wp:attachment":[{"href":"https:\/\/www.goodville.de\/sv\/wp-json\/wp\/v2\/media?parent=1807"}],"curies":[{"name":"wp","href":"https:\/\/api.w.org\/{rel}","templated":true}]}}