{"id":1833,"date":"2022-02-07T04:34:06","date_gmt":"2022-02-07T04:34:06","guid":{"rendered":"https:\/\/www.goodville.de\/mentions-legales\/"},"modified":"2024-09-09T11:26:40","modified_gmt":"2024-09-09T11:26:40","slug":"mentions-legales","status":"publish","type":"page","link":"https:\/\/www.goodville.de\/fr\/mentions-legales\/","title":{"rendered":"Mentions l\u00e9gales"},"content":{"rendered":"<p>[et_pb_section fb_built=\u00a0\u00bb1&Prime; admin_label=\u00a0\u00bbAbout\u00a0\u00bb _builder_version=\u00a0\u00bb4.16&Prime; background_color=\u00a0\u00bb#FFFFFF\u00a0\u00bb background_enable_image=\u00a0\u00bboff\u00a0\u00bb background_size=\u00a0\u00bbinitial\u00a0\u00bb background_position=\u00a0\u00bbbottom_center\u00a0\u00bb custom_margin=\u00a0\u00bb0px||||false|false\u00a0\u00bb custom_padding=\u00a0\u00bb0px|0px|0px|0px|false|false\u00a0\u00bb global_colors_info=\u00a0\u00bb{}\u00a0\u00bb][et_pb_row _builder_version=\u00a0\u00bb4.16&Prime; _module_preset=\u00a0\u00bbdefault\u00a0\u00bb custom_padding=\u00a0\u00bb10px||||false|false\u00a0\u00bb global_colors_info=\u00a0\u00bb{}\u00a0\u00bb][et_pb_column type=\u00a0\u00bb4_4&Prime; _builder_version=\u00a0\u00bb4.16&Prime; _module_preset=\u00a0\u00bbdefault\u00a0\u00bb global_colors_info=\u00a0\u00bb{}\u00a0\u00bb][et_pb_text _builder_version=\u00a0\u00bb4.16&Prime; _module_preset=\u00a0\u00bbdefault\u00a0\u00bb text_text_color=\u00a0\u00bbgcid-89cbc0f9-1be9-4be6-901a-5528210571bc\u00a0\u00bb text_font_size=\u00a0\u00bb14px\u00a0\u00bb locked=\u00a0\u00bboff\u00a0\u00bb global_colors_info=\u00a0\u00bb{%22gcid-c4b9ef4c-e2b6-4a7c-9f6b-a3472092e5f3%22:%91%22header_3_text_color%22,%22header_3_text_color%22%93,%22gcid-935bb3bf-f939-490c-aa27-70c9a2e0dffc%22:%91%22header_text_color%22,%22header_2_text_color%22,%22header_text_color%22,%22header_2_text_color%22%93,%22gcid-89cbc0f9-1be9-4be6-901a-5528210571bc%22:%91%22text_text_color%22%93}\u00a0\u00bb]<\/p>\n<span><span><a href=\"https:\/\/www.goodville.de\/fr\/test-home\/\">Home<\/a><\/span><\/span>\n<p>[\/et_pb_text][\/et_pb_column][\/et_pb_row][et_pb_row _builder_version=\u00a0\u00bb4.16&Prime; custom_margin=\u00a0\u00bb||0px||false|false\u00a0\u00bb custom_padding=\u00a0\u00bb||0px||false|false\u00a0\u00bb global_colors_info=\u00a0\u00bb{}\u00a0\u00bb][et_pb_column type=\u00a0\u00bb4_4&Prime; _builder_version=\u00a0\u00bb4.16&Prime; custom_padding=\u00a0\u00bb|||\u00a0\u00bb global_colors_info=\u00a0\u00bb{}\u00a0\u00bb custom_padding__hover=\u00a0\u00bb|||\u00a0\u00bb][et_pb_text _builder_version=\u00a0\u00bb4.22.1&Prime; _module_preset=\u00a0\u00bbdefault\u00a0\u00bb text_font=\u00a0\u00bbGrold Medium|500||on|||||\u00a0\u00bb text_text_color=\u00a0\u00bbgcid-935bb3bf-f939-490c-aa27-70c9a2e0dffc\u00a0\u00bb text_font_size=\u00a0\u00bb104px\u00a0\u00bb text_letter_spacing=\u00a0\u00bb1px\u00a0\u00bb text_line_height=\u00a0\u00bb0.9em\u00a0\u00bb text_font_size_tablet=\u00a0\u00bb90px\u00a0\u00bb text_font_size_phone=\u00a0\u00bb70px\u00a0\u00bb global_colors_info=\u00a0\u00bb{%22gcid-c4b9ef4c-e2b6-4a7c-9f6b-a3472092e5f3%22:%91%22header_3_text_color%22,%22header_3_text_color%22%93,%22gcid-935bb3bf-f939-490c-aa27-70c9a2e0dffc%22:%91%22header_text_color%22,%22header_text_color%22,%22text_text_color%22%93}\u00a0\u00bb]<\/p>\n<h1>Mentions l\u00e9gales<\/h1>\n<p>[\/et_pb_text][et_pb_divider color=\u00a0\u00bbgcid-89cbc0f9-1be9-4be6-901a-5528210571bc\u00a0\u00bb divider_weight=\u00a0\u00bb4px\u00a0\u00bb _builder_version=\u00a0\u00bb4.14.7&Prime; max_width=\u00a0\u00bb160px\u00a0\u00bb height=\u00a0\u00bb4px\u00a0\u00bb custom_margin=\u00a0\u00bb15px||60px||false|false\u00a0\u00bb global_module=\u00a0\u00bb490&Prime; global_colors_info=\u00a0\u00bb{%22gcid-89cbc0f9-1be9-4be6-901a-5528210571bc%22:%91%22color%22%93}\u00a0\u00bb][\/et_pb_divider][\/et_pb_column][\/et_pb_row][\/et_pb_section][et_pb_section fb_built=\u00a0\u00bb1&Prime; _builder_version=\u00a0\u00bb4.16&Prime; _module_preset=\u00a0\u00bbdefault\u00a0\u00bb custom_margin=\u00a0\u00bb0px||||false|false\u00a0\u00bb custom_padding=\u00a0\u00bb0px||||false|false\u00a0\u00bb global_colors_info=\u00a0\u00bb{}\u00a0\u00bb][et_pb_row column_structure=\u00a0\u00bb1_2,1_2&Prime; use_custom_gutter=\u00a0\u00bbon\u00a0\u00bb gutter_width=\u00a0\u00bb2&Prime; _builder_version=\u00a0\u00bb4.16&Prime; _module_preset=\u00a0\u00bbdefault\u00a0\u00bb custom_margin=\u00a0\u00bb||0px||false|false\u00a0\u00bb custom_padding=\u00a0\u00bb||0px||false|false\u00a0\u00bb global_colors_info=\u00a0\u00bb{}\u00a0\u00bb][et_pb_column type=\u00a0\u00bb1_2&Prime; _builder_version=\u00a0\u00bb4.16&Prime; _module_preset=\u00a0\u00bbdefault\u00a0\u00bb global_colors_info=\u00a0\u00bb{}\u00a0\u00bb][et_pb_text _builder_version=\u00a0\u00bb4.22.2&Prime; _module_preset=\u00a0\u00bbdefault\u00a0\u00bb header_2_text_align=\u00a0\u00bbleft\u00a0\u00bb header_3_font=\u00a0\u00bbGrold medium|500||on|||||\u00a0\u00bb header_3_text_color=\u00a0\u00bbgcid-935bb3bf-f939-490c-aa27-70c9a2e0dffc\u00a0\u00bb header_3_letter_spacing=\u00a0\u00bb0.1px\u00a0\u00bb custom_margin=\u00a0\u00bb||0px||false|false\u00a0\u00bb custom_padding=\u00a0\u00bb||1px||false|false\u00a0\u00bb hover_enabled=\u00a0\u00bb0&Prime; global_colors_info=\u00a0\u00bb{%22gcid-561bf206-a112-4f87-bfd5-847d7049a8a0%22:%91%22text_text_color%22%93,%22gcid-935bb3bf-f939-490c-aa27-70c9a2e0dffc%22:%91%22header_text_color%22,%22header_2_text_color%22,%22header_3_text_color%22%93}\u00a0\u00bb sticky_enabled=\u00a0\u00bb0&Prime;]<\/p>\n<p>Informations selon \u00a7 5 TMG<\/p>\n<h3>Contact<\/h3>\n<p>Goodville<br \/>Christoph M\u00fchlhans<br \/>Agathe-Lasch-Weg 6<br \/>22605 Hamburg<br \/>Allemagne<\/p>\n<p>T\u00e9l\u00e9phone : +49 40 8811100<br \/>T\u00e9l\u00e9copie : +49 40 8811275<br \/>E-mail : cmuehlhans@goodville.de<\/p>\n<p>Nous ne sommes pas pr\u00eats ou oblig\u00e9s de participer \u00e0 des proc\u00e9dures de r\u00e8glement des litiges devant un organisme de conciliation des consommateurs.<\/p>\n<h3>Responsabilit\u00e9 du contenu<\/h3>\n<p>En tant que prestataire de services, nous sommes responsables, conform\u00e9ment au \u00a7 7 alin\u00e9a 1 de la loi allemande sur les t\u00e9l\u00e9m\u00e9dias (TMG), de nos propres contenus sur ces pages selon les lois g\u00e9n\u00e9rales. Selon les \u00a7\u00a7 8 \u00e0 10 de la TMG, nous ne sommes toutefois pas tenus, en tant que prestataire de services, de surveiller les informations externes transmises ou enregistr\u00e9es ou de rechercher les circonstances qui indiquent une activit\u00e9 ill\u00e9gale.  <\/p>\n<p>Les obligations de supprimer ou de bloquer l&rsquo;utilisation d&rsquo;informations conform\u00e9ment aux lois g\u00e9n\u00e9rales restent inchang\u00e9es. Une responsabilit\u00e9 \u00e0 cet \u00e9gard n&rsquo;est toutefois possible qu&rsquo;\u00e0 partir du moment o\u00f9 une violation concr\u00e8te de la loi est connue. D\u00e8s la prise de connaissance d&rsquo;une telle violation, nous supprimerons imm\u00e9diatement les contenus concern\u00e9s.  <\/p>\n<h3>Responsabilit\u00e9 pour les liens<\/h3>\n<p>Notre offre contient des liens vers des sites web externes de tiers, sur le contenu desquels nous n&rsquo;avons aucune influence. C&rsquo;est pourquoi nous ne pouvons pas non plus nous porter garants de ces contenus externes. Le fournisseur ou l&rsquo;exploitant des pages li\u00e9es est toujours responsable des contenus de ces pages. Les pages li\u00e9es ont \u00e9t\u00e9 contr\u00f4l\u00e9es au moment de la cr\u00e9ation du lien afin de v\u00e9rifier qu&rsquo;elles ne pr\u00e9sentaient pas d&rsquo;infraction \u00e0 la loi. Aucun contenu ill\u00e9gal n&rsquo;a \u00e9t\u00e9 identifi\u00e9 au moment de la cr\u00e9ation des liens.    <\/p>\n<p>Un contr\u00f4le permanent du contenu des pages li\u00e9es n&rsquo;est cependant pas exigible sans indices concrets d&rsquo;une violation de la loi. D\u00e8s que nous aurons connaissance d&rsquo;une violation de la loi, nous supprimerons imm\u00e9diatement les liens concern\u00e9s. <\/p>\n<h3>Droit d&rsquo;auteur<\/h3>\n<p>Les contenus et les \u0153uvres cr\u00e9\u00e9s par les exploitants de ces pages sont soumis au droit d&rsquo;auteur allemand. La reproduction, le traitement, la diffusion et toute forme d&rsquo;exploitation en dehors des limites du droit d&rsquo;auteur requi\u00e8rent l&rsquo;accord \u00e9crit de l&rsquo;auteur ou du cr\u00e9ateur concern\u00e9. Les t\u00e9l\u00e9chargements et les copies de ce site ne sont autoris\u00e9s que pour un usage priv\u00e9 et non commercial.  <\/p>\n<p>Dans la mesure o\u00f9 les contenus de ce site n&rsquo;ont pas \u00e9t\u00e9 cr\u00e9\u00e9s par l&rsquo;exploitant, les droits d&rsquo;auteur de tiers sont respect\u00e9s. Les contenus de tiers sont notamment identifi\u00e9s comme tels. Si vous deviez n\u00e9anmoins constater une violation des droits d&rsquo;auteur, nous vous prions de nous en informer. D\u00e8s la prise de connaissance d&rsquo;une violation de la loi, nous supprimerons imm\u00e9diatement les contenus concern\u00e9s.   <\/p>\n<p>Source : https:\/\/www.e-recht24.de\/impressum-generator.html<\/p>\n<p>[\/et_pb_text][\/et_pb_column][et_pb_column type=\u00a0\u00bb1_2&Prime; _builder_version=\u00a0\u00bb4.16&Prime; _module_preset=\u00a0\u00bbdefault\u00a0\u00bb global_colors_info=\u00a0\u00bb{}\u00a0\u00bb][et_pb_text _builder_version=\u00a0\u00bb4.22.2&Prime; _module_preset=\u00a0\u00bbdefault\u00a0\u00bb header_2_text_align=\u00a0\u00bbleft\u00a0\u00bb header_3_font=\u00a0\u00bbGrold medium|500||on|||||\u00a0\u00bb header_3_text_color=\u00a0\u00bbgcid-935bb3bf-f939-490c-aa27-70c9a2e0dffc\u00a0\u00bb header_3_letter_spacing=\u00a0\u00bb0.1px\u00a0\u00bb custom_margin=\u00a0\u00bb||0px||false|false\u00a0\u00bb custom_padding=\u00a0\u00bb||1px||false|false\u00a0\u00bb hover_enabled=\u00a0\u00bb0&Prime; global_colors_info=\u00a0\u00bb{%22gcid-561bf206-a112-4f87-bfd5-847d7049a8a0%22:%91%22text_text_color%22%93,%22gcid-935bb3bf-f939-490c-aa27-70c9a2e0dffc%22:%91%22header_text_color%22,%22header_2_text_color%22,%22header_3_text_color%22%93}\u00a0\u00bb sticky_enabled=\u00a0\u00bb0&Prime;]<\/p>\n<h3>Droits d&rsquo;image<\/h3>\n<p><strong>Rendu des produits<\/strong><br \/>\u00a9 Christoph M\u00fchlhans &#8211; Goodville<\/p>\n<p><strong>Home<\/strong><br \/>\u00a9 \u00ab\u00a0Hamburg 2045\u00a0\u00bb by Reinventing Society \/ Wire Collective, CC BY NC SA<br \/>\u00a9 Alexis Brown, #Xv7k95vOFA &#8211; unsplash.com<br \/>\u00a9 MikeMareen, #234586832 &#8211; depositphotos.com<\/p>\n<p><strong>L&rsquo;OmniBus<\/strong><br \/>\u00a9 MikeMareen, #234586832 &#8211; depositphotos.com<br \/>\u00a9 chesky_w, #220729556 &#8211; depositphotos.com<br \/>\u00a9 tele52, #240782254 &#8211; depositphotos.com<br \/>\u00a9 nd3000, #272267840 &#8211; depositphotos.com<\/p>\n<p><strong>Justice climatique<\/strong><br \/>\u00a9 Mika Baumeister, #g4ELq-X8PRg &#8211; unsplash.com<br \/>\u00a9 Tim Douglas, #6205486 \u2013 pexels.com<br \/>\u00a9 monticello, #151866314 &#8211; depositphotos.com<\/p>\n<p><strong>Goodville<\/strong><br \/>\u00a9 \u00ab\u00a0Hamburg 2045\u00a0\u00bb by Reinventing Society \/ Wire Collective, CC BY NC SA<br \/>\u00a9 aa-w, #131014998 &#8211; depositphotos.com<br \/>\u00a9 CreativeNature, #421362810 &#8211; depositphotos.com<br \/>\u00a9 amoklv, #114978708 &#8211; depositphotos.com<br \/>\u00a9 4pmphoto@gmail.com, #173892330 &#8211; depositphotos.com<\/p>\n<p>[\/et_pb_text][\/et_pb_column][\/et_pb_row][\/et_pb_section]<\/p>\n","protected":false},"excerpt":{"rendered":"<p><span><span><a href=\"https:\/\/www.goodville.de\/fr\/test-home\/\">Home<\/a><\/span><\/span>Mentions l\u00e9galesInformations selon \u00a7 5 TMG Contact GoodvilleChristoph M\u00fchlhansAgathe-Lasch-Weg 622605 HamburgAllemagne T\u00e9l\u00e9phone : +49 40 8811100T\u00e9l\u00e9copie : +49 40 8811275E-mail : cmuehlhans@goodville.de Nous ne sommes pas pr\u00eats ou oblig\u00e9s de participer \u00e0 des proc\u00e9dures de r\u00e8glement des litiges devant un organisme de conciliation des consommateurs. Responsabilit\u00e9 du contenu En tant que prestataire de services, nous [&hellip;]<\/p>\n","protected":false},"author":1,"featured_media":0,"parent":0,"menu_order":0,"comment_status":"closed","ping_status":"closed","template":"","meta":{"_et_pb_use_builder":"on","_et_pb_old_content":"","_et_gb_content_width":"","footnotes":""},"class_list":["post-1833","page","type-page","status-publish","hentry"],"yoast_head":"<!-- This site is optimized with the Yoast SEO plugin v27.5 - https:\/\/yoast.com\/product\/yoast-seo-wordpress\/ -->\n<title>Mentions l\u00e9gales - Die KI-gest\u00fctzete Revolution in der Geb\u00e4udeautomatisierung made in Hamburg<\/title>\n<meta name=\"robots\" content=\"index, follow, max-snippet:-1, max-image-preview:large, max-video-preview:-1\" \/>\n<link rel=\"canonical\" href=\"https:\/\/www.goodville.de\/fr\/mentions-legales\/\" \/>\n<meta property=\"og:locale\" content=\"fr_FR\" \/>\n<meta property=\"og:type\" content=\"article\" \/>\n<meta property=\"og:title\" content=\"Mentions l\u00e9gales - Die KI-gest\u00fctzete Revolution in der Geb\u00e4udeautomatisierung made in Hamburg\" \/>\n<meta property=\"og:description\" content=\"Mentions l\u00e9galesInformations selon \u00a7 5 TMG Contact GoodvilleChristoph M\u00fchlhansAgathe-Lasch-Weg 622605 HamburgAllemagne T\u00e9l\u00e9phone : +49 40 8811100T\u00e9l\u00e9copie : +49 40 8811275E-mail : cmuehlhans@goodville.de Nous ne sommes pas pr\u00eats ou oblig\u00e9s de participer \u00e0 des proc\u00e9dures de r\u00e8glement des litiges devant un organisme de conciliation des consommateurs. Responsabilit\u00e9 du contenu En tant que prestataire de services, nous [&hellip;]\" \/>\n<meta property=\"og:url\" content=\"https:\/\/www.goodville.de\/fr\/mentions-legales\/\" \/>\n<meta property=\"og:site_name\" content=\"Die KI-gest\u00fctzete Revolution in der Geb\u00e4udeautomatisierung made in Hamburg\" \/>\n<meta property=\"article:modified_time\" content=\"2024-09-09T11:26:40+00:00\" \/>\n<meta name=\"twitter:card\" content=\"summary_large_image\" \/>\n<meta name=\"twitter:label1\" content=\"Dur\u00e9e de lecture estim\u00e9e\" \/>\n\t<meta name=\"twitter:data1\" content=\"6 minutes\" \/>\n<script type=\"application\/ld+json\" class=\"yoast-schema-graph\">{\"@context\":\"https:\\\/\\\/schema.org\",\"@graph\":[{\"@type\":\"WebPage\",\"@id\":\"https:\\\/\\\/www.goodville.de\\\/fr\\\/mentions-legales\\\/\",\"url\":\"https:\\\/\\\/www.goodville.de\\\/fr\\\/mentions-legales\\\/\",\"name\":\"Mentions l\u00e9gales - Die KI-gest\u00fctzete Revolution in der Geb\u00e4udeautomatisierung made in Hamburg\",\"isPartOf\":{\"@id\":\"https:\\\/\\\/www.goodville.de\\\/fr\\\/#website\"},\"datePublished\":\"2022-02-07T04:34:06+00:00\",\"dateModified\":\"2024-09-09T11:26:40+00:00\",\"breadcrumb\":{\"@id\":\"https:\\\/\\\/www.goodville.de\\\/fr\\\/mentions-legales\\\/#breadcrumb\"},\"inLanguage\":\"fr-FR\",\"potentialAction\":[{\"@type\":\"ReadAction\",\"target\":[\"https:\\\/\\\/www.goodville.de\\\/fr\\\/mentions-legales\\\/\"]}]},{\"@type\":\"BreadcrumbList\",\"@id\":\"https:\\\/\\\/www.goodville.de\\\/fr\\\/mentions-legales\\\/#breadcrumb\",\"itemListElement\":[{\"@type\":\"ListItem\",\"position\":1,\"name\":\"Home\",\"item\":\"https:\\\/\\\/www.goodville.de\\\/fr\\\/test-home\\\/\"},{\"@type\":\"ListItem\",\"position\":2,\"name\":\"Mentions l\u00e9gales\"}]},{\"@type\":\"WebSite\",\"@id\":\"https:\\\/\\\/www.goodville.de\\\/fr\\\/#website\",\"url\":\"https:\\\/\\\/www.goodville.de\\\/fr\\\/\",\"name\":\"Die KI-gest\u00fctzete Revolution in der Geb\u00e4udeautomatisierung made in Hamburg\",\"description\":\"Goodville pr\u00e4sentiert mit dem patentierten OmniBus-System die Zukunft einer nachhaltigen, KI-gest\u00fctzen Geb\u00e4udeautomatisierung\",\"potentialAction\":[{\"@type\":\"SearchAction\",\"target\":{\"@type\":\"EntryPoint\",\"urlTemplate\":\"https:\\\/\\\/www.goodville.de\\\/fr\\\/?s={search_term_string}\"},\"query-input\":{\"@type\":\"PropertyValueSpecification\",\"valueRequired\":true,\"valueName\":\"search_term_string\"}}],\"inLanguage\":\"fr-FR\"}]}<\/script>\n<!-- \/ Yoast SEO plugin. -->","yoast_head_json":{"title":"Mentions l\u00e9gales - Die KI-gest\u00fctzete Revolution in der Geb\u00e4udeautomatisierung made in Hamburg","robots":{"index":"index","follow":"follow","max-snippet":"max-snippet:-1","max-image-preview":"max-image-preview:large","max-video-preview":"max-video-preview:-1"},"canonical":"https:\/\/www.goodville.de\/fr\/mentions-legales\/","og_locale":"fr_FR","og_type":"article","og_title":"Mentions l\u00e9gales - Die KI-gest\u00fctzete Revolution in der Geb\u00e4udeautomatisierung made in Hamburg","og_description":"Mentions l\u00e9galesInformations selon \u00a7 5 TMG Contact GoodvilleChristoph M\u00fchlhansAgathe-Lasch-Weg 622605 HamburgAllemagne T\u00e9l\u00e9phone : +49 40 8811100T\u00e9l\u00e9copie : +49 40 8811275E-mail : cmuehlhans@goodville.de Nous ne sommes pas pr\u00eats ou oblig\u00e9s de participer \u00e0 des proc\u00e9dures de r\u00e8glement des litiges devant un organisme de conciliation des consommateurs. Responsabilit\u00e9 du contenu En tant que prestataire de services, nous [&hellip;]","og_url":"https:\/\/www.goodville.de\/fr\/mentions-legales\/","og_site_name":"Die KI-gest\u00fctzete Revolution in der Geb\u00e4udeautomatisierung made in Hamburg","article_modified_time":"2024-09-09T11:26:40+00:00","twitter_card":"summary_large_image","twitter_misc":{"Dur\u00e9e de lecture estim\u00e9e":"6 minutes"},"schema":{"@context":"https:\/\/schema.org","@graph":[{"@type":"WebPage","@id":"https:\/\/www.goodville.de\/fr\/mentions-legales\/","url":"https:\/\/www.goodville.de\/fr\/mentions-legales\/","name":"Mentions l\u00e9gales - Die KI-gest\u00fctzete Revolution in der Geb\u00e4udeautomatisierung made in Hamburg","isPartOf":{"@id":"https:\/\/www.goodville.de\/fr\/#website"},"datePublished":"2022-02-07T04:34:06+00:00","dateModified":"2024-09-09T11:26:40+00:00","breadcrumb":{"@id":"https:\/\/www.goodville.de\/fr\/mentions-legales\/#breadcrumb"},"inLanguage":"fr-FR","potentialAction":[{"@type":"ReadAction","target":["https:\/\/www.goodville.de\/fr\/mentions-legales\/"]}]},{"@type":"BreadcrumbList","@id":"https:\/\/www.goodville.de\/fr\/mentions-legales\/#breadcrumb","itemListElement":[{"@type":"ListItem","position":1,"name":"Home","item":"https:\/\/www.goodville.de\/fr\/test-home\/"},{"@type":"ListItem","position":2,"name":"Mentions l\u00e9gales"}]},{"@type":"WebSite","@id":"https:\/\/www.goodville.de\/fr\/#website","url":"https:\/\/www.goodville.de\/fr\/","name":"Die KI-gest\u00fctzete Revolution in der Geb\u00e4udeautomatisierung made in Hamburg","description":"Goodville pr\u00e4sentiert mit dem patentierten OmniBus-System die Zukunft einer nachhaltigen, KI-gest\u00fctzen Geb\u00e4udeautomatisierung","potentialAction":[{"@type":"SearchAction","target":{"@type":"EntryPoint","urlTemplate":"https:\/\/www.goodville.de\/fr\/?s={search_term_string}"},"query-input":{"@type":"PropertyValueSpecification","valueRequired":true,"valueName":"search_term_string"}}],"inLanguage":"fr-FR"}]}},"_links":{"self":[{"href":"https:\/\/www.goodville.de\/fr\/wp-json\/wp\/v2\/pages\/1833","targetHints":{"allow":["GET"]}}],"collection":[{"href":"https:\/\/www.goodville.de\/fr\/wp-json\/wp\/v2\/pages"}],"about":[{"href":"https:\/\/www.goodville.de\/fr\/wp-json\/wp\/v2\/types\/page"}],"author":[{"embeddable":true,"href":"https:\/\/www.goodville.de\/fr\/wp-json\/wp\/v2\/users\/1"}],"replies":[{"embeddable":true,"href":"https:\/\/www.goodville.de\/fr\/wp-json\/wp\/v2\/comments?post=1833"}],"version-history":[{"count":2,"href":"https:\/\/www.goodville.de\/fr\/wp-json\/wp\/v2\/pages\/1833\/revisions"}],"predecessor-version":[{"id":1835,"href":"https:\/\/www.goodville.de\/fr\/wp-json\/wp\/v2\/pages\/1833\/revisions\/1835"}],"wp:attachment":[{"href":"https:\/\/www.goodville.de\/fr\/wp-json\/wp\/v2\/media?parent=1833"}],"curies":[{"name":"wp","href":"https:\/\/api.w.org\/{rel}","templated":true}]}}