{"id":1611,"date":"2022-02-07T04:29:32","date_gmt":"2022-02-07T04:29:32","guid":{"rendered":"https:\/\/www.goodville.de\/data-protection\/"},"modified":"2023-12-13T20:14:39","modified_gmt":"2023-12-13T20:14:39","slug":"data-protection","status":"publish","type":"page","link":"https:\/\/www.goodville.de\/en\/data-protection\/","title":{"rendered":"Data protection"},"content":{"rendered":"<p>[et_pb_section fb_built=&#8221;1&#8243; admin_label=&#8221;About&#8221; _builder_version=&#8221;4.16&#8243; background_color=&#8221;#FFFFFF&#8221; background_enable_image=&#8221;off&#8221; background_size=&#8221;initial&#8221; background_position=&#8221;bottom_center&#8221; custom_margin=&#8221;0px||||false|false&#8221; custom_padding=&#8221;0px|0px|0px|0px|false|false&#8221; global_colors_info=&#8221;{}&#8221;][et_pb_row _builder_version=&#8221;4.16&#8243; _module_preset=&#8221;default&#8221; custom_padding=&#8221;10px||||false|false&#8221; global_colors_info=&#8221;{}&#8221;][et_pb_column type=&#8221;4_4&#8243; _builder_version=&#8221;4.16&#8243; _module_preset=&#8221;default&#8221; global_colors_info=&#8221;{}&#8221;][et_pb_text _builder_version=&#8221;4.16&#8243; _module_preset=&#8221;default&#8221; text_text_color=&#8221;gcid-89cbc0f9-1be9-4be6-901a-5528210571bc&#8221; text_font_size=&#8221;14px&#8221; locked=&#8221;off&#8221; global_colors_info=&#8221;{%22gcid-c4b9ef4c-e2b6-4a7c-9f6b-a3472092e5f3%22:%91%22header_3_text_color%22,%22header_3_text_color%22%93,%22gcid-935bb3bf-f939-490c-aa27-70c9a2e0dffc%22:%91%22header_text_color%22,%22header_2_text_color%22,%22header_text_color%22,%22header_2_text_color%22%93,%22gcid-89cbc0f9-1be9-4be6-901a-5528210571bc%22:%91%22text_text_color%22%93}&#8221;]<\/p>\n<span><span><a href=\"https:\/\/www.goodville.de\/en\/\">Home<\/a><\/span><\/span>\n<p>[\/et_pb_text][\/et_pb_column][\/et_pb_row][et_pb_row _builder_version=&#8221;4.16&#8243; custom_margin=&#8221;||0px||false|false&#8221; custom_padding=&#8221;||0px||false|false&#8221; global_colors_info=&#8221;{}&#8221;][et_pb_column type=&#8221;4_4&#8243; _builder_version=&#8221;4.16&#8243; custom_padding=&#8221;|||&#8221; global_colors_info=&#8221;{}&#8221; custom_padding__hover=&#8221;|||&#8221;][et_pb_text _builder_version=&#8221;4.22.1&#8243; _module_preset=&#8221;default&#8221; text_font=&#8221;Grold Medium|500||on|||||&#8221; text_text_color=&#8221;gcid-935bb3bf-f939-490c-aa27-70c9a2e0dffc&#8221; text_font_size=&#8221;104px&#8221; text_letter_spacing=&#8221;1px&#8221; text_line_height=&#8221;0.9em&#8221; text_font_size_tablet=&#8221;90px&#8221; text_font_size_phone=&#8221;70px&#8221; global_colors_info=&#8221;{%22gcid-c4b9ef4c-e2b6-4a7c-9f6b-a3472092e5f3%22:%91%22header_3_text_color%22,%22header_3_text_color%22%93,%22gcid-935bb3bf-f939-490c-aa27-70c9a2e0dffc%22:%91%22header_text_color%22,%22header_text_color%22,%22text_text_color%22%93}&#8221;]<\/p>\n<h1>Data protection<\/h1>\n<p>[\/et_pb_text][et_pb_divider color=&#8221;gcid-89cbc0f9-1be9-4be6-901a-5528210571bc&#8221; divider_weight=&#8221;4px&#8221; _builder_version=&#8221;4.14.7&#8243; max_width=&#8221;160px&#8221; height=&#8221;4px&#8221; custom_margin=&#8221;15px||60px||false|false&#8221; global_module=&#8221;490&#8243; global_colors_info=&#8221;{%22gcid-89cbc0f9-1be9-4be6-901a-5528210571bc%22:%91%22color%22%93}&#8221;][\/et_pb_divider][\/et_pb_column][\/et_pb_row][\/et_pb_section][et_pb_section fb_built=&#8221;1&#8243; _builder_version=&#8221;4.16&#8243; _module_preset=&#8221;default&#8221; custom_margin=&#8221;0px||||false|false&#8221; custom_padding=&#8221;0px||||false|false&#8221; global_colors_info=&#8221;{}&#8221;][et_pb_row column_structure=&#8221;1_2,1_2&#8243; use_custom_gutter=&#8221;on&#8221; gutter_width=&#8221;2&#8243; _builder_version=&#8221;4.16&#8243; _module_preset=&#8221;default&#8221; custom_margin=&#8221;||0px||false|false&#8221; custom_padding=&#8221;||0px||false|false&#8221; global_colors_info=&#8221;{}&#8221;][et_pb_column type=&#8221;1_2&#8243; _builder_version=&#8221;4.16&#8243; _module_preset=&#8221;default&#8221; global_colors_info=&#8221;{}&#8221;][et_pb_text _builder_version=&#8221;4.22.2&#8243; _module_preset=&#8221;default&#8221; header_2_text_align=&#8221;left&#8221; header_3_font=&#8221;Grold medium|500||on|||||&#8221; header_3_text_color=&#8221;gcid-935bb3bf-f939-490c-aa27-70c9a2e0dffc&#8221; header_3_letter_spacing=&#8221;0.1px&#8221; custom_margin=&#8221;||0px||false|false&#8221; custom_padding=&#8221;||1px||false|false&#8221; global_colors_info=&#8221;{%22gcid-561bf206-a112-4f87-bfd5-847d7049a8a0%22:%91%22text_text_color%22%93,%22gcid-935bb3bf-f939-490c-aa27-70c9a2e0dffc%22:%91%22header_text_color%22,%22header_2_text_color%22,%22header_3_text_color%22%93}&#8221;]<\/p>\n<p>The person responsible within the meaning of data protection laws, in particular the EU General Data Protection Regulation (GDPR), is:<\/p>\n<p>Christoph M\u00fchlhans<br \/>Agathe-Lasch-Weg 6<br \/>22605 Hamburg<\/p>\n<p>Fon: +49 40 8811100<br \/>Fax: +49 40 8811275<br \/><a href=\"mailto:cmuehlhans@goodville.de\">cmuehlhans@goodville.de<\/a><\/p>\n<h3>Your rights of affected subjects<\/h3>\n<p>You can exercise the following rights at any time using the contact details provided by our data protection officer:<\/p>\n<ul>\n<li>Information about your data stored by us and its processing (Article 15 GDPR),<\/li>\n<li>Correction of incorrect personal data (Article 16 GDPR),<\/li>\n<li>Deletion of your data stored by us (Article 17 GDPR),<\/li>\n<li>Restriction of data processing if we are not yet allowed to delete your data due to legal obligations (Art. 18 GDPR),<\/li>\n<li>Objection to the processing of your data by us (Art. 21 GDPR) and<\/li>\n<li>Data portability, provided you have consented to data processing or have concluded a contract with us (Article 20 GDPR).<\/li>\n<\/ul>\n<p>If you have given us your consent, you can revoke it at any time with future effect.<\/p>\n<p>You can contact a supervisory authority at any time with a complaint, e.g. B. to the responsible supervisory authority in the federal state of your place of residence or to the authority responsible for us.<\/p>\n<p>A list of the supervisory authorities (for the non-public sector) with addresses can be found at: https:\/\/www.bfdi.bund.de\/DE\/Infothek\/Anschriften_Links\/anschrift_links-node.html.<\/p>\n<h3>COLLECTION OF GENERAL INFORMATION WHEN VISITING OUR WEBSITE<br \/>NATURE AND PURPOSE OF PROCESSING<\/h3>\n<p>When you access our website, i.e. if you do not register or otherwise submit information, information of a general nature is automatically collected. This information (server log files) includes the type of web browser, the operating system used, the domain name of your Internet service provider, your IP address and similar.<\/p>\n<p><strong>They are processed in particular for the following purposes:<\/strong><\/p>\n<ul>\n<li>Ensuring problem-free connection to the website,<\/li>\n<li>Ensuring smooth use of our website,<\/li>\n<li>Evaluation of system security and stability as well<\/li>\n<li>for further administrative purposes.<\/li>\n<\/ul>\n<p>We do not use your data to draw conclusions about you personally. We may evaluate this type of information statistically in order to optimize our website and the technology behind it.<\/p>\n<h3>Legal basis<\/h3>\n<p>Processing is carried out in accordance with Article 6 Paragraph 1 Letter f of the GDPR based on our legitimate interest in improving the stability and functionality of our website.<\/p>\n<h3>RECIPIENT<\/h3>\n<p>Recipients of the data may be technical service providers who act as contract processors for the operation and maintenance of our website.<\/p>\n<h3>STORAGE DURATION<\/h3>\n<p>The data will be deleted as soon as it is no longer required for the purpose of collection. This is generally the case for the data used to provide the website when the respective session has ended.<\/p>\n<h3>PROVISION PRESCRIBED OR REQUIRED<\/h3>\n<p>The provision of the aforementioned personal data is neither legally nor contractually required. However, without the IP address, the service and functionality of our website cannot be guaranteed. In addition, individual services may be unavailable or restricted. For this reason, an objection is excluded.<\/p>\n<p>[\/et_pb_text][\/et_pb_column][et_pb_column type=&#8221;1_2&#8243; _builder_version=&#8221;4.16&#8243; _module_preset=&#8221;default&#8221; global_colors_info=&#8221;{}&#8221;][et_pb_text _builder_version=&#8221;4.22.2&#8243; _module_preset=&#8221;default&#8221; header_2_text_align=&#8221;left&#8221; header_3_font=&#8221;Grold medium|500||on|||||&#8221; header_3_text_color=&#8221;gcid-935bb3bf-f939-490c-aa27-70c9a2e0dffc&#8221; header_3_letter_spacing=&#8221;0.1px&#8221; custom_margin=&#8221;||0px||false|false&#8221; custom_padding=&#8221;||1px||false|false&#8221; global_colors_info=&#8221;{%22gcid-561bf206-a112-4f87-bfd5-847d7049a8a0%22:%91%22text_text_color%22%93,%22gcid-935bb3bf-f939-490c-aa27-70c9a2e0dffc%22:%91%22header_text_color%22,%22header_2_text_color%22,%22header_3_text_color%22%93}&#8221;]<\/p>\n<h3>CONTACT FORM<\/h3>\n<p>Type and purpose of processing:<\/p>\n<p>The data you enter will be stored for the purpose of individual communication with you. This requires you to provide a valid email address and your name. This is used to assign the request and then answer it. Providing further data is optional.<\/p>\n<p>It will not be used for any other purpose or passed on to third parties. You can revoke your consent to data collection and data protection at any time by <a href=\"mailto:info@goodville.de\">sending us a message<\/a>. In the event of revocation, your data will be deleted immediately.<\/p>\n<h3>Legal basis<\/h3>\n<p>The data entered into the contact form is processed on the basis of a legitimate interest (Art. 6 Para. 1 lit. f GDPR).<\/p>\n<p>By providing the contact form, we would like to make it easy for you to contact us. The information you provide will be stored for the purpose of processing the request and for possible follow-up questions.<\/p>\n<p>If you contact us to request an offer, the data entered in the contact form will be processed to carry out pre-contractual measures (Art. 6 Para. 1 lit. b GDPR).<\/p>\n<h3>RECIPIENT<\/h3>\n<p>Recipients of the data may be processors.<\/p>\n<h3>STORAGE DURATION<\/h3>\n<p>Data will be deleted no later than 6 months after the request has been processed.<\/p>\n<p>If there is a contractual relationship, we are subject to the statutory retention periods according to the German Commercial Code (HGB) and will delete your data after these periods have expired.<\/p>\n<h3>PROVISION PRESCRIBED OR REQUIRED<\/h3>\n<p>The provision of your personal data is voluntary. However, we can only process your request if you provide us with your name, email address and the reason for the request.<\/p>\n<h3>SSL ENCRYPTION<\/h3>\n<p>To protect the security of your data during transmission, we use state-of-the-art encryption methods (e.g. SSL) via HTTPS.<\/p>\n<h3>CHANGES TO OUR PRIVACY POLICY<\/h3>\n<p>We reserve the right to adapt this data protection declaration so that it always complies with current legal requirements or to implement changes to our services in the data protection declaration, e.g. when introducing new services. The new data protection declaration will then apply to your next visit.<\/p>\n<p>Questions for the data protection officer<\/p>\n<p>If you have any questions about data protection, please write us an email or contact the person responsible for data protection in our organization directly:<\/p>\n<p>Christoph M\u00fchlhans<br \/>Agathe-Lasch-Weg 6<br \/>22605 Hamburg<br \/>Fon: +49 40 8811100<br \/>Fax: +49 40 8811275<\/p>\n<p>cmuehlhans@goodville.de<br \/>www.goodville.de<\/p>\n<p>The data protection declaration was created with the help of activeMind AG, the experts for external data protection officers (version #2019-04-10).<\/p>\n<p>[\/et_pb_text][\/et_pb_column][\/et_pb_row][\/et_pb_section]<\/p>\n","protected":false},"excerpt":{"rendered":"<p><span><span><a href=\"https:\/\/www.goodville.de\/en\/\">Home<\/a><\/span><\/span>Data protectionThe person responsible within the meaning of data protection laws, in particular the EU General Data Protection Regulation (GDPR), is: Christoph M\u00fchlhansAgathe-Lasch-Weg 622605 Hamburg Fon: +49 40 8811100Fax: +49 40 8811275cmuehlhans@goodville.de Your rights of affected subjects You can exercise the following rights at any time using the contact details provided by our data protection [&hellip;]<\/p>\n","protected":false},"author":1,"featured_media":0,"parent":0,"menu_order":0,"comment_status":"closed","ping_status":"closed","template":"","meta":{"_et_pb_use_builder":"on","_et_pb_old_content":"","_et_gb_content_width":"","footnotes":""},"class_list":["post-1611","page","type-page","status-publish","hentry"],"yoast_head":"<!-- This site is optimized with the Yoast SEO plugin v27.5 - https:\/\/yoast.com\/product\/yoast-seo-wordpress\/ -->\n<title>Data protection - Die KI-gest\u00fctzete Revolution in der Geb\u00e4udeautomatisierung made in Hamburg<\/title>\n<meta name=\"robots\" content=\"index, follow, max-snippet:-1, max-image-preview:large, max-video-preview:-1\" \/>\n<link rel=\"canonical\" href=\"https:\/\/www.goodville.de\/en\/data-protection\/\" \/>\n<meta property=\"og:locale\" content=\"en_GB\" \/>\n<meta property=\"og:type\" content=\"article\" \/>\n<meta property=\"og:title\" content=\"Data protection - Die KI-gest\u00fctzete Revolution in der Geb\u00e4udeautomatisierung made in Hamburg\" \/>\n<meta property=\"og:description\" content=\"Data protectionThe person responsible within the meaning of data protection laws, in particular the EU General Data Protection Regulation (GDPR), is: Christoph M\u00fchlhansAgathe-Lasch-Weg 622605 Hamburg Fon: +49 40 8811100Fax: +49 40 8811275cmuehlhans@goodville.de Your rights of affected subjects You can exercise the following rights at any time using the contact details provided by our data protection [&hellip;]\" \/>\n<meta property=\"og:url\" content=\"https:\/\/www.goodville.de\/en\/data-protection\/\" \/>\n<meta property=\"og:site_name\" content=\"Die KI-gest\u00fctzete Revolution in der Geb\u00e4udeautomatisierung made in Hamburg\" \/>\n<meta property=\"article:modified_time\" content=\"2023-12-13T20:14:39+00:00\" \/>\n<meta name=\"twitter:card\" content=\"summary_large_image\" \/>\n<meta name=\"twitter:label1\" content=\"Estimated reading time\" \/>\n\t<meta name=\"twitter:data1\" content=\"7 minutes\" \/>\n<script type=\"application\/ld+json\" class=\"yoast-schema-graph\">{\"@context\":\"https:\\\/\\\/schema.org\",\"@graph\":[{\"@type\":\"WebPage\",\"@id\":\"https:\\\/\\\/www.goodville.de\\\/en\\\/data-protection\\\/\",\"url\":\"https:\\\/\\\/www.goodville.de\\\/en\\\/data-protection\\\/\",\"name\":\"Data protection - Die KI-gest\u00fctzete Revolution in der Geb\u00e4udeautomatisierung made in Hamburg\",\"isPartOf\":{\"@id\":\"https:\\\/\\\/www.goodville.de\\\/en\\\/#website\"},\"datePublished\":\"2022-02-07T04:29:32+00:00\",\"dateModified\":\"2023-12-13T20:14:39+00:00\",\"breadcrumb\":{\"@id\":\"https:\\\/\\\/www.goodville.de\\\/en\\\/data-protection\\\/#breadcrumb\"},\"inLanguage\":\"en-GB\",\"potentialAction\":[{\"@type\":\"ReadAction\",\"target\":[\"https:\\\/\\\/www.goodville.de\\\/en\\\/data-protection\\\/\"]}]},{\"@type\":\"BreadcrumbList\",\"@id\":\"https:\\\/\\\/www.goodville.de\\\/en\\\/data-protection\\\/#breadcrumb\",\"itemListElement\":[{\"@type\":\"ListItem\",\"position\":1,\"name\":\"Home\",\"item\":\"https:\\\/\\\/www.goodville.de\\\/en\\\/\"},{\"@type\":\"ListItem\",\"position\":2,\"name\":\"Data protection\"}]},{\"@type\":\"WebSite\",\"@id\":\"https:\\\/\\\/www.goodville.de\\\/en\\\/#website\",\"url\":\"https:\\\/\\\/www.goodville.de\\\/en\\\/\",\"name\":\"Die KI-gest\u00fctzete Revolution in der Geb\u00e4udeautomatisierung made in Hamburg\",\"description\":\"Goodville pr\u00e4sentiert mit dem patentierten OmniBus-System die Zukunft einer nachhaltigen, KI-gest\u00fctzen Geb\u00e4udeautomatisierung\",\"potentialAction\":[{\"@type\":\"SearchAction\",\"target\":{\"@type\":\"EntryPoint\",\"urlTemplate\":\"https:\\\/\\\/www.goodville.de\\\/en\\\/?s={search_term_string}\"},\"query-input\":{\"@type\":\"PropertyValueSpecification\",\"valueRequired\":true,\"valueName\":\"search_term_string\"}}],\"inLanguage\":\"en-GB\"}]}<\/script>\n<!-- \/ Yoast SEO plugin. -->","yoast_head_json":{"title":"Data protection - Die KI-gest\u00fctzete Revolution in der Geb\u00e4udeautomatisierung made in Hamburg","robots":{"index":"index","follow":"follow","max-snippet":"max-snippet:-1","max-image-preview":"max-image-preview:large","max-video-preview":"max-video-preview:-1"},"canonical":"https:\/\/www.goodville.de\/en\/data-protection\/","og_locale":"en_GB","og_type":"article","og_title":"Data protection - Die KI-gest\u00fctzete Revolution in der Geb\u00e4udeautomatisierung made in Hamburg","og_description":"Data protectionThe person responsible within the meaning of data protection laws, in particular the EU General Data Protection Regulation (GDPR), is: Christoph M\u00fchlhansAgathe-Lasch-Weg 622605 Hamburg Fon: +49 40 8811100Fax: +49 40 8811275cmuehlhans@goodville.de Your rights of affected subjects You can exercise the following rights at any time using the contact details provided by our data protection [&hellip;]","og_url":"https:\/\/www.goodville.de\/en\/data-protection\/","og_site_name":"Die KI-gest\u00fctzete Revolution in der Geb\u00e4udeautomatisierung made in Hamburg","article_modified_time":"2023-12-13T20:14:39+00:00","twitter_card":"summary_large_image","twitter_misc":{"Estimated reading time":"7 minutes"},"schema":{"@context":"https:\/\/schema.org","@graph":[{"@type":"WebPage","@id":"https:\/\/www.goodville.de\/en\/data-protection\/","url":"https:\/\/www.goodville.de\/en\/data-protection\/","name":"Data protection - Die KI-gest\u00fctzete Revolution in der Geb\u00e4udeautomatisierung made in Hamburg","isPartOf":{"@id":"https:\/\/www.goodville.de\/en\/#website"},"datePublished":"2022-02-07T04:29:32+00:00","dateModified":"2023-12-13T20:14:39+00:00","breadcrumb":{"@id":"https:\/\/www.goodville.de\/en\/data-protection\/#breadcrumb"},"inLanguage":"en-GB","potentialAction":[{"@type":"ReadAction","target":["https:\/\/www.goodville.de\/en\/data-protection\/"]}]},{"@type":"BreadcrumbList","@id":"https:\/\/www.goodville.de\/en\/data-protection\/#breadcrumb","itemListElement":[{"@type":"ListItem","position":1,"name":"Home","item":"https:\/\/www.goodville.de\/en\/"},{"@type":"ListItem","position":2,"name":"Data protection"}]},{"@type":"WebSite","@id":"https:\/\/www.goodville.de\/en\/#website","url":"https:\/\/www.goodville.de\/en\/","name":"Die KI-gest\u00fctzete Revolution in der Geb\u00e4udeautomatisierung made in Hamburg","description":"Goodville pr\u00e4sentiert mit dem patentierten OmniBus-System die Zukunft einer nachhaltigen, KI-gest\u00fctzen Geb\u00e4udeautomatisierung","potentialAction":[{"@type":"SearchAction","target":{"@type":"EntryPoint","urlTemplate":"https:\/\/www.goodville.de\/en\/?s={search_term_string}"},"query-input":{"@type":"PropertyValueSpecification","valueRequired":true,"valueName":"search_term_string"}}],"inLanguage":"en-GB"}]}},"_links":{"self":[{"href":"https:\/\/www.goodville.de\/en\/wp-json\/wp\/v2\/pages\/1611","targetHints":{"allow":["GET"]}}],"collection":[{"href":"https:\/\/www.goodville.de\/en\/wp-json\/wp\/v2\/pages"}],"about":[{"href":"https:\/\/www.goodville.de\/en\/wp-json\/wp\/v2\/types\/page"}],"author":[{"embeddable":true,"href":"https:\/\/www.goodville.de\/en\/wp-json\/wp\/v2\/users\/1"}],"replies":[{"embeddable":true,"href":"https:\/\/www.goodville.de\/en\/wp-json\/wp\/v2\/comments?post=1611"}],"version-history":[{"count":3,"href":"https:\/\/www.goodville.de\/en\/wp-json\/wp\/v2\/pages\/1611\/revisions"}],"predecessor-version":[{"id":1614,"href":"https:\/\/www.goodville.de\/en\/wp-json\/wp\/v2\/pages\/1611\/revisions\/1614"}],"wp:attachment":[{"href":"https:\/\/www.goodville.de\/en\/wp-json\/wp\/v2\/media?parent=1611"}],"curies":[{"name":"wp","href":"https:\/\/api.w.org\/{rel}","templated":true}]}}