{"id":1504,"date":"2022-02-07T04:34:06","date_gmt":"2022-02-07T04:34:06","guid":{"rendered":"https:\/\/www.goodville.de\/imprint\/"},"modified":"2024-04-16T09:51:48","modified_gmt":"2024-04-16T09:51:48","slug":"imprint","status":"publish","type":"page","link":"https:\/\/www.goodville.de\/en\/imprint\/","title":{"rendered":"Legal notice"},"content":{"rendered":"<p>[et_pb_section fb_built=&#8221;1&#8243; admin_label=&#8221;About&#8221; _builder_version=&#8221;4.16&#8243; background_color=&#8221;#FFFFFF&#8221; background_enable_image=&#8221;off&#8221; background_size=&#8221;initial&#8221; background_position=&#8221;bottom_center&#8221; custom_margin=&#8221;0px||||false|false&#8221; custom_padding=&#8221;0px|0px|0px|0px|false|false&#8221; global_colors_info=&#8221;{}&#8221;][et_pb_row _builder_version=&#8221;4.16&#8243; _module_preset=&#8221;default&#8221; custom_padding=&#8221;10px||||false|false&#8221; global_colors_info=&#8221;{}&#8221;][et_pb_column type=&#8221;4_4&#8243; _builder_version=&#8221;4.16&#8243; _module_preset=&#8221;default&#8221; global_colors_info=&#8221;{}&#8221;][et_pb_text _builder_version=&#8221;4.16&#8243; _module_preset=&#8221;default&#8221; text_text_color=&#8221;gcid-89cbc0f9-1be9-4be6-901a-5528210571bc&#8221; text_font_size=&#8221;14px&#8221; locked=&#8221;off&#8221; global_colors_info=&#8221;{%22gcid-c4b9ef4c-e2b6-4a7c-9f6b-a3472092e5f3%22:%91%22header_3_text_color%22,%22header_3_text_color%22%93,%22gcid-935bb3bf-f939-490c-aa27-70c9a2e0dffc%22:%91%22header_text_color%22,%22header_2_text_color%22,%22header_text_color%22,%22header_2_text_color%22%93,%22gcid-89cbc0f9-1be9-4be6-901a-5528210571bc%22:%91%22text_text_color%22%93}&#8221;]<\/p>\n<span><span><a href=\"https:\/\/www.goodville.de\/en\/\">Home<\/a><\/span><\/span>\n<p>[\/et_pb_text][\/et_pb_column][\/et_pb_row][et_pb_row _builder_version=&#8221;4.16&#8243; custom_margin=&#8221;||0px||false|false&#8221; custom_padding=&#8221;||0px||false|false&#8221; global_colors_info=&#8221;{}&#8221;][et_pb_column type=&#8221;4_4&#8243; _builder_version=&#8221;4.16&#8243; custom_padding=&#8221;|||&#8221; global_colors_info=&#8221;{}&#8221; custom_padding__hover=&#8221;|||&#8221;][et_pb_text _builder_version=&#8221;4.22.1&#8243; _module_preset=&#8221;default&#8221; text_font=&#8221;Grold Medium|500||on|||||&#8221; text_text_color=&#8221;gcid-935bb3bf-f939-490c-aa27-70c9a2e0dffc&#8221; text_font_size=&#8221;104px&#8221; text_letter_spacing=&#8221;1px&#8221; text_line_height=&#8221;0.9em&#8221; text_font_size_tablet=&#8221;90px&#8221; text_font_size_phone=&#8221;70px&#8221; global_colors_info=&#8221;{%22gcid-c4b9ef4c-e2b6-4a7c-9f6b-a3472092e5f3%22:%91%22header_3_text_color%22,%22header_3_text_color%22%93,%22gcid-935bb3bf-f939-490c-aa27-70c9a2e0dffc%22:%91%22header_text_color%22,%22header_text_color%22,%22text_text_color%22%93}&#8221;]<\/p>\n<h1>Legal notice<\/h1>\n<p>[\/et_pb_text][et_pb_divider color=&#8221;gcid-89cbc0f9-1be9-4be6-901a-5528210571bc&#8221; divider_weight=&#8221;4px&#8221; _builder_version=&#8221;4.14.7&#8243; max_width=&#8221;160px&#8221; height=&#8221;4px&#8221; custom_margin=&#8221;15px||60px||false|false&#8221; global_module=&#8221;490&#8243; global_colors_info=&#8221;{%22gcid-89cbc0f9-1be9-4be6-901a-5528210571bc%22:%91%22color%22%93}&#8221;][\/et_pb_divider][\/et_pb_column][\/et_pb_row][\/et_pb_section][et_pb_section fb_built=&#8221;1&#8243; _builder_version=&#8221;4.16&#8243; _module_preset=&#8221;default&#8221; custom_margin=&#8221;0px||||false|false&#8221; custom_padding=&#8221;0px||||false|false&#8221; global_colors_info=&#8221;{}&#8221;][et_pb_row column_structure=&#8221;1_2,1_2&#8243; use_custom_gutter=&#8221;on&#8221; gutter_width=&#8221;2&#8243; _builder_version=&#8221;4.16&#8243; _module_preset=&#8221;default&#8221; custom_margin=&#8221;||0px||false|false&#8221; custom_padding=&#8221;||0px||false|false&#8221; global_colors_info=&#8221;{}&#8221;][et_pb_column type=&#8221;1_2&#8243; _builder_version=&#8221;4.16&#8243; _module_preset=&#8221;default&#8221; global_colors_info=&#8221;{}&#8221;][et_pb_text _builder_version=&#8221;4.22.2&#8243; _module_preset=&#8221;default&#8221; header_2_text_align=&#8221;left&#8221; header_3_font=&#8221;Grold medium|500||on|||||&#8221; header_3_text_color=&#8221;gcid-935bb3bf-f939-490c-aa27-70c9a2e0dffc&#8221; header_3_letter_spacing=&#8221;0.1px&#8221; custom_margin=&#8221;||0px||false|false&#8221; custom_padding=&#8221;||1px||false|false&#8221; hover_enabled=&#8221;0&#8243; global_colors_info=&#8221;{%22gcid-561bf206-a112-4f87-bfd5-847d7049a8a0%22:%91%22text_text_color%22%93,%22gcid-935bb3bf-f939-490c-aa27-70c9a2e0dffc%22:%91%22header_text_color%22,%22header_2_text_color%22,%22header_3_text_color%22%93}&#8221; sticky_enabled=&#8221;0&#8243;]<\/p>\n<p>According to \u00a7 5 TMG<\/p>\n<h3>Contact<\/h3>\n<p>Goodville<br \/>Christoph M\u00fchlhans<br \/>Agathe-Lasch-Weg 6<br \/>DE-22605 Hamburg<\/p>\n<p>Phone: +49 40 8811100<br \/>Fax: +49 40 8811275<br \/>E-Mail: cmuehlhans@goodville.de<\/p>\n<p>We are not willing or obliged to take part in dispute resolution proceedings before a consumer arbitration board.<\/p>\n<h3>Liability for content<\/h3>\n<p>As a service provider, we are responsible for our own content on these pages in accordance with general laws in accordance with Section 7 Paragraph 1 TMG. However, according to Sections 8 to 10 TMG, as a service provider we are not obliged to monitor transmitted or stored third-party information or to investigate circumstances that indicate illegal activity.<\/p>\n<p>Obligations to remove or block the use of information in accordance with general law remain unaffected. However, liability in this regard is only possible from the time of knowledge of a specific legal violation. If we become aware of any corresponding legal violations, we will immediately remove this content.<\/p>\n<h3>Liability for links<\/h3>\n<p>Our offer contains links to external third-party websites over whose content we have no influence. We therefore cannot assume any liability for this external content. The respective provider or operator of the pages is always responsible for the content of the linked pages. The linked pages were checked for possible legal violations at the time of linking. Illegal content was not apparent at the time of linking.<\/p>\n<p>However, permanent control of the content of the linked pages is unreasonable without concrete evidence of a legal violation. If we become aware of any legal violations, we will immediately remove such links.<\/p>\n<h3>Copyright<\/h3>\n<p>The content and works on these pages created by the site operators are subject to German copyright law. Reproduction, processing, distribution and any kind of exploitation outside the limits of copyright law require the written consent of the respective author or creator. Downloads and copies of this page are only permitted for private, non-commercial use.<\/p>\n<p>If the content on this site was not created by the operator, the copyrights of third parties are respected. In particular contents of third parties are marked as such. Should you nevertheless become aware of a copyright infringement, we ask that you notify us accordingly. If we become aware of any legal violations, we will immediately remove such content.<\/p>\n<p>Source: https:\/\/www.e-recht24.de\/impressum-generator.html<\/p>\n<p>[\/et_pb_text][\/et_pb_column][et_pb_column type=&#8221;1_2&#8243; _builder_version=&#8221;4.16&#8243; _module_preset=&#8221;default&#8221; global_colors_info=&#8221;{}&#8221;][et_pb_text _builder_version=&#8221;4.22.2&#8243; _module_preset=&#8221;default&#8221; header_2_text_align=&#8221;left&#8221; header_3_font=&#8221;Grold medium|500||on|||||&#8221; header_3_text_color=&#8221;gcid-935bb3bf-f939-490c-aa27-70c9a2e0dffc&#8221; header_3_letter_spacing=&#8221;0.1px&#8221; custom_margin=&#8221;||0px||false|false&#8221; custom_padding=&#8221;||1px||false|false&#8221; hover_enabled=&#8221;0&#8243; global_colors_info=&#8221;{%22gcid-561bf206-a112-4f87-bfd5-847d7049a8a0%22:%91%22text_text_color%22%93,%22gcid-935bb3bf-f939-490c-aa27-70c9a2e0dffc%22:%91%22header_text_color%22,%22header_2_text_color%22,%22header_3_text_color%22%93}&#8221; sticky_enabled=&#8221;0&#8243;]<\/p>\n<h3>Image rights<\/h3>\n<p><strong>Product renderings<\/strong><br \/>\u00a9 Christoph M\u00fchlhans &#8211; Goodville<\/p>\n<p><strong>Home<\/strong><br \/>\u00a9 &#8220;Hamburg 2045&#8221; by Reinventing Society \/ Wire Collective, CC BY NC SA<br \/>\u00a9 Alexis Brown, #Xv7k95vOFA &#8211; unsplash.com<br \/>\u00a9 MikeMareen, #234586832 &#8211; depositphotos.com<\/p>\n<p><strong>OmniBus<\/strong><br \/>\u00a9 MikeMareen, #234586832 &#8211; depositphotos.com<br \/>\u00a9 chesky_w, #220729556 &#8211; depositphotos.com<br \/>\u00a9 tele52, #240782254 &#8211; depositphotos.com<br \/>\u00a9 nd3000, #272267840 &#8211; depositphotos.com<\/p>\n<p><strong>Climate justice<\/strong><br \/>\u00a9 Mika Baumeister, #g4ELq-X8PRg &#8211; unsplash.com<br \/>\u00a9 Tim Douglas, #6205486 \u2013 pexels.com<br \/>\u00a9 monticello, #151866314 &#8211; depositphotos.com<\/p>\n<p><strong>Goodville<\/strong><br \/>\u00a9 &#8220;Hamburg 2045&#8221; by Reinventing Society \/ Wire Collective, CC BY NC SA<br \/>\u00a9 aa-w, #131014998 &#8211; depositphotos.com<br \/>\u00a9 CreativeNature, #421362810 &#8211; depositphotos.com<br \/>\u00a9 amoklv, #114978708 &#8211; depositphotos.com<br \/>\u00a9 4pmphoto@gmail.com, #173892330 &#8211; depositphotos.com<\/p>\n<p>[\/et_pb_text][\/et_pb_column][\/et_pb_row][\/et_pb_section]<\/p>\n","protected":false},"excerpt":{"rendered":"<p><span><span><a href=\"https:\/\/www.goodville.de\/en\/\">Home<\/a><\/span><\/span>Legal noticeAccording to \u00a7 5 TMG Contact GoodvilleChristoph M\u00fchlhansAgathe-Lasch-Weg 6DE-22605 Hamburg Phone: +49 40 8811100Fax: +49 40 8811275E-Mail: cmuehlhans@goodville.de We are not willing or obliged to take part in dispute resolution proceedings before a consumer arbitration board. Liability for content As a service provider, we are responsible for our own content on these pages in [&hellip;]<\/p>\n","protected":false},"author":1,"featured_media":0,"parent":0,"menu_order":0,"comment_status":"closed","ping_status":"closed","template":"","meta":{"_et_pb_use_builder":"on","_et_pb_old_content":"","_et_gb_content_width":"","footnotes":""},"class_list":["post-1504","page","type-page","status-publish","hentry"],"yoast_head":"<!-- This site is optimized with the Yoast SEO plugin v27.5 - https:\/\/yoast.com\/product\/yoast-seo-wordpress\/ -->\n<title>Legal notice - Die KI-gest\u00fctzete Revolution in der Geb\u00e4udeautomatisierung made in Hamburg<\/title>\n<meta name=\"robots\" content=\"index, follow, max-snippet:-1, max-image-preview:large, max-video-preview:-1\" \/>\n<link rel=\"canonical\" href=\"https:\/\/www.goodville.de\/en\/imprint\/\" \/>\n<meta property=\"og:locale\" content=\"en_GB\" \/>\n<meta property=\"og:type\" content=\"article\" \/>\n<meta property=\"og:title\" content=\"Legal notice - Die KI-gest\u00fctzete Revolution in der Geb\u00e4udeautomatisierung made in Hamburg\" \/>\n<meta property=\"og:description\" content=\"Legal noticeAccording to \u00a7 5 TMG Contact GoodvilleChristoph M\u00fchlhansAgathe-Lasch-Weg 6DE-22605 Hamburg Phone: +49 40 8811100Fax: +49 40 8811275E-Mail: cmuehlhans@goodville.de We are not willing or obliged to take part in dispute resolution proceedings before a consumer arbitration board. Liability for content As a service provider, we are responsible for our own content on these pages in [&hellip;]\" \/>\n<meta property=\"og:url\" content=\"https:\/\/www.goodville.de\/en\/imprint\/\" \/>\n<meta property=\"og:site_name\" content=\"Die KI-gest\u00fctzete Revolution in der Geb\u00e4udeautomatisierung made in Hamburg\" \/>\n<meta property=\"article:modified_time\" content=\"2024-04-16T09:51:48+00:00\" \/>\n<meta name=\"twitter:card\" content=\"summary_large_image\" \/>\n<meta name=\"twitter:label1\" content=\"Estimated reading time\" \/>\n\t<meta name=\"twitter:data1\" content=\"5 minutes\" \/>\n<script type=\"application\/ld+json\" class=\"yoast-schema-graph\">{\"@context\":\"https:\\\/\\\/schema.org\",\"@graph\":[{\"@type\":\"WebPage\",\"@id\":\"https:\\\/\\\/www.goodville.de\\\/en\\\/imprint\\\/\",\"url\":\"https:\\\/\\\/www.goodville.de\\\/en\\\/imprint\\\/\",\"name\":\"Legal notice - Die KI-gest\u00fctzete Revolution in der Geb\u00e4udeautomatisierung made in Hamburg\",\"isPartOf\":{\"@id\":\"https:\\\/\\\/www.goodville.de\\\/en\\\/#website\"},\"datePublished\":\"2022-02-07T04:34:06+00:00\",\"dateModified\":\"2024-04-16T09:51:48+00:00\",\"breadcrumb\":{\"@id\":\"https:\\\/\\\/www.goodville.de\\\/en\\\/imprint\\\/#breadcrumb\"},\"inLanguage\":\"en-GB\",\"potentialAction\":[{\"@type\":\"ReadAction\",\"target\":[\"https:\\\/\\\/www.goodville.de\\\/en\\\/imprint\\\/\"]}]},{\"@type\":\"BreadcrumbList\",\"@id\":\"https:\\\/\\\/www.goodville.de\\\/en\\\/imprint\\\/#breadcrumb\",\"itemListElement\":[{\"@type\":\"ListItem\",\"position\":1,\"name\":\"Home\",\"item\":\"https:\\\/\\\/www.goodville.de\\\/en\\\/\"},{\"@type\":\"ListItem\",\"position\":2,\"name\":\"Legal notice\"}]},{\"@type\":\"WebSite\",\"@id\":\"https:\\\/\\\/www.goodville.de\\\/en\\\/#website\",\"url\":\"https:\\\/\\\/www.goodville.de\\\/en\\\/\",\"name\":\"Die KI-gest\u00fctzete Revolution in der Geb\u00e4udeautomatisierung made in Hamburg\",\"description\":\"Goodville pr\u00e4sentiert mit dem patentierten OmniBus-System die Zukunft einer nachhaltigen, KI-gest\u00fctzen Geb\u00e4udeautomatisierung\",\"potentialAction\":[{\"@type\":\"SearchAction\",\"target\":{\"@type\":\"EntryPoint\",\"urlTemplate\":\"https:\\\/\\\/www.goodville.de\\\/en\\\/?s={search_term_string}\"},\"query-input\":{\"@type\":\"PropertyValueSpecification\",\"valueRequired\":true,\"valueName\":\"search_term_string\"}}],\"inLanguage\":\"en-GB\"}]}<\/script>\n<!-- \/ Yoast SEO plugin. -->","yoast_head_json":{"title":"Legal notice - Die KI-gest\u00fctzete Revolution in der Geb\u00e4udeautomatisierung made in Hamburg","robots":{"index":"index","follow":"follow","max-snippet":"max-snippet:-1","max-image-preview":"max-image-preview:large","max-video-preview":"max-video-preview:-1"},"canonical":"https:\/\/www.goodville.de\/en\/imprint\/","og_locale":"en_GB","og_type":"article","og_title":"Legal notice - Die KI-gest\u00fctzete Revolution in der Geb\u00e4udeautomatisierung made in Hamburg","og_description":"Legal noticeAccording to \u00a7 5 TMG Contact GoodvilleChristoph M\u00fchlhansAgathe-Lasch-Weg 6DE-22605 Hamburg Phone: +49 40 8811100Fax: +49 40 8811275E-Mail: cmuehlhans@goodville.de We are not willing or obliged to take part in dispute resolution proceedings before a consumer arbitration board. Liability for content As a service provider, we are responsible for our own content on these pages in [&hellip;]","og_url":"https:\/\/www.goodville.de\/en\/imprint\/","og_site_name":"Die KI-gest\u00fctzete Revolution in der Geb\u00e4udeautomatisierung made in Hamburg","article_modified_time":"2024-04-16T09:51:48+00:00","twitter_card":"summary_large_image","twitter_misc":{"Estimated reading time":"5 minutes"},"schema":{"@context":"https:\/\/schema.org","@graph":[{"@type":"WebPage","@id":"https:\/\/www.goodville.de\/en\/imprint\/","url":"https:\/\/www.goodville.de\/en\/imprint\/","name":"Legal notice - Die KI-gest\u00fctzete Revolution in der Geb\u00e4udeautomatisierung made in Hamburg","isPartOf":{"@id":"https:\/\/www.goodville.de\/en\/#website"},"datePublished":"2022-02-07T04:34:06+00:00","dateModified":"2024-04-16T09:51:48+00:00","breadcrumb":{"@id":"https:\/\/www.goodville.de\/en\/imprint\/#breadcrumb"},"inLanguage":"en-GB","potentialAction":[{"@type":"ReadAction","target":["https:\/\/www.goodville.de\/en\/imprint\/"]}]},{"@type":"BreadcrumbList","@id":"https:\/\/www.goodville.de\/en\/imprint\/#breadcrumb","itemListElement":[{"@type":"ListItem","position":1,"name":"Home","item":"https:\/\/www.goodville.de\/en\/"},{"@type":"ListItem","position":2,"name":"Legal notice"}]},{"@type":"WebSite","@id":"https:\/\/www.goodville.de\/en\/#website","url":"https:\/\/www.goodville.de\/en\/","name":"Die KI-gest\u00fctzete Revolution in der Geb\u00e4udeautomatisierung made in Hamburg","description":"Goodville pr\u00e4sentiert mit dem patentierten OmniBus-System die Zukunft einer nachhaltigen, KI-gest\u00fctzen Geb\u00e4udeautomatisierung","potentialAction":[{"@type":"SearchAction","target":{"@type":"EntryPoint","urlTemplate":"https:\/\/www.goodville.de\/en\/?s={search_term_string}"},"query-input":{"@type":"PropertyValueSpecification","valueRequired":true,"valueName":"search_term_string"}}],"inLanguage":"en-GB"}]}},"_links":{"self":[{"href":"https:\/\/www.goodville.de\/en\/wp-json\/wp\/v2\/pages\/1504","targetHints":{"allow":["GET"]}}],"collection":[{"href":"https:\/\/www.goodville.de\/en\/wp-json\/wp\/v2\/pages"}],"about":[{"href":"https:\/\/www.goodville.de\/en\/wp-json\/wp\/v2\/types\/page"}],"author":[{"embeddable":true,"href":"https:\/\/www.goodville.de\/en\/wp-json\/wp\/v2\/users\/1"}],"replies":[{"embeddable":true,"href":"https:\/\/www.goodville.de\/en\/wp-json\/wp\/v2\/comments?post=1504"}],"version-history":[{"count":14,"href":"https:\/\/www.goodville.de\/en\/wp-json\/wp\/v2\/pages\/1504\/revisions"}],"predecessor-version":[{"id":1748,"href":"https:\/\/www.goodville.de\/en\/wp-json\/wp\/v2\/pages\/1504\/revisions\/1748"}],"wp:attachment":[{"href":"https:\/\/www.goodville.de\/en\/wp-json\/wp\/v2\/media?parent=1504"}],"curies":[{"name":"wp","href":"https:\/\/api.w.org\/{rel}","templated":true}]}}